{"id":2,"date":"2012-05-25T17:07:29","date_gmt":"2012-05-25T17:07:29","guid":{"rendered":"http:\/\/s428793838.online.de\/Holger\/?page_id=2"},"modified":"2012-11-30T15:59:47","modified_gmt":"2012-11-30T15:59:47","slug":"beispiel-seite","status":"publish","type":"page","link":"http:\/\/s428793838.online.de\/Holger\/?page_id=2","title":{"rendered":"Das Teleskop"},"content":{"rendered":"<p>Mein Wunsch war es unser Sonnensystem und wenn m\u00f6glich auch einige Galaxien und Nebel beobachten zu k\u00f6nnen. Daher habe ich mich dann, nach einiger Zeit des Vergleichens und Testberichte lesens f\u00fcr folgendes Teleskop entschieden.<br \/>\n<img loading=\"lazy\" decoding=\"async\" class=\"wp-image-5 alignleft\" style=\"margin: 150px 0px;\" title=\"Teleskop\" src=\"http:\/\/s428793838.online.de\/Holger\/wp-content\/uploads\/2012\/05\/Teleskop.png\" alt=\"\" width=\"184\" height=\"306\" \/><\/p>\n<table style=\"width: 380px;\">\n<tbody>\n<tr>\n<td style=\"font-size: large; text-decoration: underline;\" colspan=\"2\"><strong>Optik<\/strong><\/td>\n<\/tr>\n<tr>\n<td>Typ<\/td>\n<td><a title=\"Reflektor\" href=\"http:\/\/de.wikipedia.org\/wiki\/Spiegelteleskop\">Reflektor<\/a><\/td>\n<\/tr>\n<tr>\n<td>Bauart<\/td>\n<td><a title=\"Newton\" href=\"http:\/\/de.wikipedia.org\/wiki\/Newton-Teleskop\">Newton<\/a><\/td>\n<\/tr>\n<tr>\n<td>\u00d6ffnung (mm)<\/td>\n<td>200<\/td>\n<\/tr>\n<tr>\n<td>Brennweite (mm)<\/td>\n<td>1200<\/td>\n<\/tr>\n<tr>\n<td>\u00d6ffnungsverh\u00e4ltnis (f\/)<\/td>\n<td>6<\/td>\n<\/tr>\n<tr>\n<td>Aufl\u00f6sungsverm\u00f6gen<\/td>\n<td>0,58&#8220;<\/td>\n<\/tr>\n<tr>\n<td>Grenzgr\u00f6sse (mag)<\/td>\n<td>13,3<\/td>\n<\/tr>\n<tr>\n<td>Lichtsammelverm\u00f6gen<\/td>\n<td>820<\/td>\n<\/tr>\n<tr>\n<td>Max. sinnvolle Vergroesserung<\/td>\n<td>400x<\/td>\n<\/tr>\n<tr>\n<td>Tubuskonstruktion<\/td>\n<td>Volltubus<\/td>\n<\/tr>\n<tr>\n<td>Tubusgewicht (kg)<\/td>\n<td>11<\/td>\n<\/tr>\n<tr>\n<td style=\"font-size: large; text-decoration: underline;\" colspan=\"2\"><strong>Okularauszug<\/strong><\/td>\n<\/tr>\n<tr>\n<td>Bauart<\/td>\n<td>Crayford<\/td>\n<\/tr>\n<tr>\n<td>Anschluss (okularseitig)<\/td>\n<td>2&#8243;<\/td>\n<\/tr>\n<tr>\n<td style=\"font-size: large; text-decoration: underline;\" colspan=\"2\"><strong>Montierung<\/strong><\/td>\n<\/tr>\n<tr>\n<td>Montierungstyp<\/td>\n<td><a title=\"Dobson\" href=\"http:\/\/de.wikipedia.org\/wiki\/Dobson-Teleskop\">Dobson<\/a><\/td>\n<\/tr>\n<tr>\n<td>Material<\/td>\n<td>Holz<\/td>\n<\/tr>\n<tr>\n<td>Typ<\/td>\n<td>Rockerbox<\/td>\n<\/tr>\n<tr>\n<td>Sucherfernrohr<\/td>\n<td>9&#215;50<\/td>\n<\/tr>\n<tr>\n<td>Okularadapter<\/td>\n<td>1,25&#8243; &#8211; 2&#8243;<\/td>\n<\/tr>\n<\/tbody>\n<\/table>\n","protected":false},"excerpt":{"rendered":"<p>Mein Wunsch war es unser Sonnensystem und wenn m\u00f6glich auch einige Galaxien und Nebel beobachten zu k\u00f6nnen. Daher habe ich mich dann, nach einiger Zeit des Vergleichens und Testberichte lesens f\u00fcr folgendes Teleskop entschieden. Optik Typ Reflektor Bauart Newton \u00d6ffnung (mm) 200 Brennweite (mm) 1200 \u00d6ffnungsverh\u00e4ltnis (f\/) 6 Aufl\u00f6sungsverm\u00f6gen 0,58&#8220; <span class=\"ellipsis\">&hellip;<\/span> <span class=\"more-link-wrap\"><a href=\"http:\/\/s428793838.online.de\/Holger\/?page_id=2\" class=\"more-link\"><span>Read more &rarr;<\/span><\/a><\/span><\/p>\n","protected":false},"author":1,"featured_media":0,"parent":0,"menu_order":0,"comment_status":"closed","ping_status":"closed","template":"","meta":{"footnotes":""},"class_list":["post-2","page","type-page","status-publish","hentry"],"_links":{"self":[{"href":"http:\/\/s428793838.online.de\/Holger\/index.php?rest_route=\/wp\/v2\/pages\/2","targetHints":{"allow":["GET"]}}],"collection":[{"href":"http:\/\/s428793838.online.de\/Holger\/index.php?rest_route=\/wp\/v2\/pages"}],"about":[{"href":"http:\/\/s428793838.online.de\/Holger\/index.php?rest_route=\/wp\/v2\/types\/page"}],"author":[{"embeddable":true,"href":"http:\/\/s428793838.online.de\/Holger\/index.php?rest_route=\/wp\/v2\/users\/1"}],"replies":[{"embeddable":true,"href":"http:\/\/s428793838.online.de\/Holger\/index.php?rest_route=%2Fwp%2Fv2%2Fcomments&post=2"}],"version-history":[{"count":41,"href":"http:\/\/s428793838.online.de\/Holger\/index.php?rest_route=\/wp\/v2\/pages\/2\/revisions"}],"predecessor-version":[{"id":117,"href":"http:\/\/s428793838.online.de\/Holger\/index.php?rest_route=\/wp\/v2\/pages\/2\/revisions\/117"}],"wp:attachment":[{"href":"http:\/\/s428793838.online.de\/Holger\/index.php?rest_route=%2Fwp%2Fv2%2Fmedia&parent=2"}],"curies":[{"name":"wp","href":"https:\/\/api.w.org\/{rel}","templated":true}]}}