{"id":111,"date":"2012-11-30T15:42:22","date_gmt":"2012-11-30T15:42:22","guid":{"rendered":"http:\/\/s428793838.online.de\/Holger\/?page_id=111"},"modified":"2012-12-11T14:02:21","modified_gmt":"2012-12-11T14:02:21","slug":"ausrustung","status":"publish","type":"page","link":"http:\/\/s428793838.online.de\/Holger\/?page_id=111","title":{"rendered":"Ausr\u00fcstung"},"content":{"rendered":"<p><a href=\"http:\/\/s428793838.online.de\/Holger\/wp-content\/uploads\/2012\/11\/Okulare+Filter.jpg\"><img loading=\"lazy\" decoding=\"async\" class=\"alignleft size-full wp-image-124\" title=\"Okulare+Filter\" src=\"http:\/\/s428793838.online.de\/Holger\/wp-content\/uploads\/2012\/11\/Okulare+Filter.jpg\" alt=\"\" width=\"400\" height=\"267\" \/><\/a><br \/>\nMeine Okulare von Links nach Rechts 25, 12, 6, 3.2, 2.5 mm sowie die beiden Filter Solar Continuum (l) und Moon Filter (r)<\/br><\/br><\/br><\/br><\/br><\/br><\/br><\/br><\/br><\/br><\/br><\/br><br \/>\n<a href=\"http:\/\/s428793838.online.de\/Holger\/wp-content\/uploads\/2012\/11\/Auszugadapter.jpg\"><img loading=\"lazy\" decoding=\"async\" class=\"alignleft size-full wp-image-122\" title=\"Auszugadapter\" src=\"http:\/\/s428793838.online.de\/Holger\/wp-content\/uploads\/2012\/11\/Auszugadapter.jpg\" alt=\"\" width=\"400\" height=\"267\" \/><\/a><br \/>\nMeine Okularauszugadapter von Links nach Rechts 1.25&#8243;, 2&#8243;, der T2\/Canon-Bajonett Adapter und die Okularfassung<\/br><\/br><\/br><\/br><\/br><\/br><\/br><\/br><\/br><\/br><\/br><\/br><br \/>\n<a href=\"http:\/\/s428793838.online.de\/Holger\/wp-content\/uploads\/2012\/11\/6mm-Okular-Demontiert.jpg\"><img loading=\"lazy\" decoding=\"async\" class=\"alignleft size-full wp-image-118\" title=\"6mm Okular Demontiert\" src=\"http:\/\/s428793838.online.de\/Holger\/wp-content\/uploads\/2012\/11\/6mm-Okular-Demontiert.jpg\" alt=\"\" width=\"400\" height=\"267\" \/><\/a><br \/>\nDas 6mm Okular in seine Einzelteile zerlegt, damit es in die Okularfassung passt.<\/br><\/br><\/br><\/br><\/br><\/br><\/br><\/br><\/br><\/br><\/br><\/br><\/br><\/br><br \/>\n<a href=\"http:\/\/s428793838.online.de\/Holger\/wp-content\/uploads\/2012\/11\/Adapter+Okular+Bajonett.jpg\"><img loading=\"lazy\" decoding=\"async\" class=\"alignleft size-full wp-image-120\" title=\"Adapter+Okular+Bajonett\" src=\"http:\/\/s428793838.online.de\/Holger\/wp-content\/uploads\/2012\/11\/Adapter+Okular+Bajonett.jpg\" alt=\"\" width=\"400\" height=\"267\" \/><\/a><br \/>\nDas 6mm Okular in der Okularfassung mit aufgeschraubtem T2\/Canon-Bajonett Adapter. Mit dieser Konfigurtion kann ich durch das 6mm Okular hindurch photographieren.<\/br><\/br><\/br><\/br><\/br><\/br><\/br><\/br><\/br><\/br><\/br><br \/>\n<a href=\"http:\/\/s428793838.online.de\/Holger\/wp-content\/uploads\/2012\/11\/Ausloeser+Fisheye.jpg\"><img loading=\"lazy\" decoding=\"async\" class=\"alignleft size-full wp-image-121\" title=\"Ausloeser+Fisheye\" src=\"http:\/\/s428793838.online.de\/Holger\/wp-content\/uploads\/2012\/11\/Ausloeser+Fisheye.jpg\" alt=\"\" width=\"400\" height=\"267\" \/><\/a><br \/>\nDer sehr wichtige Fernausl\u00f6ser, um das Verwackeln zu minimieren und das Fish-Eye f\u00fcr Milchstra\u00dfen aufnahmen.<\/p>\n","protected":false},"excerpt":{"rendered":"<p>Meine Okulare von Links nach Rechts 25, 12, 6, 3.2, 2.5 mm sowie die beiden Filter Solar Continuum (l) und Moon Filter (r) Meine Okularauszugadapter von Links nach Rechts 1.25&#8243;, 2&#8243;, der T2\/Canon-Bajonett Adapter und die Okularfassung Das 6mm Okular in seine Einzelteile zerlegt, damit es in die Okularfassung passt. <span class=\"ellipsis\">&hellip;<\/span> <span class=\"more-link-wrap\"><a href=\"http:\/\/s428793838.online.de\/Holger\/?page_id=111\" class=\"more-link\"><span>Read more &rarr;<\/span><\/a><\/span><\/p>\n","protected":false},"author":1,"featured_media":122,"parent":0,"menu_order":2,"comment_status":"closed","ping_status":"open","template":"","meta":{"footnotes":""},"class_list":["post-111","page","type-page","status-publish","has-post-thumbnail","hentry"],"_links":{"self":[{"href":"http:\/\/s428793838.online.de\/Holger\/index.php?rest_route=\/wp\/v2\/pages\/111","targetHints":{"allow":["GET"]}}],"collection":[{"href":"http:\/\/s428793838.online.de\/Holger\/index.php?rest_route=\/wp\/v2\/pages"}],"about":[{"href":"http:\/\/s428793838.online.de\/Holger\/index.php?rest_route=\/wp\/v2\/types\/page"}],"author":[{"embeddable":true,"href":"http:\/\/s428793838.online.de\/Holger\/index.php?rest_route=\/wp\/v2\/users\/1"}],"replies":[{"embeddable":true,"href":"http:\/\/s428793838.online.de\/Holger\/index.php?rest_route=%2Fwp%2Fv2%2Fcomments&post=111"}],"version-history":[{"count":67,"href":"http:\/\/s428793838.online.de\/Holger\/index.php?rest_route=\/wp\/v2\/pages\/111\/revisions"}],"predecessor-version":[{"id":194,"href":"http:\/\/s428793838.online.de\/Holger\/index.php?rest_route=\/wp\/v2\/pages\/111\/revisions\/194"}],"wp:featuredmedia":[{"embeddable":true,"href":"http:\/\/s428793838.online.de\/Holger\/index.php?rest_route=\/wp\/v2\/media\/122"}],"wp:attachment":[{"href":"http:\/\/s428793838.online.de\/Holger\/index.php?rest_route=%2Fwp%2Fv2%2Fmedia&parent=111"}],"curies":[{"name":"wp","href":"https:\/\/api.w.org\/{rel}","templated":true}]}}